{"id":26,"date":"2026-03-09T02:37:56","date_gmt":"2026-03-09T01:37:56","guid":{"rendered":"https:\/\/plantelio.com\/es\/?page_id=26"},"modified":"2026-03-09T02:37:57","modified_gmt":"2026-03-09T01:37:57","slug":"politica-de-cookies","status":"publish","type":"page","link":"https:\/\/plantelio.com\/es\/politica-de-cookies\/","title":{"rendered":"Pol\u00edtica de Cookies"},"content":{"rendered":"\n<p>Este sitio utiliza cookies para mejorar la experiencia del usuario.<\/p>\n\n\n\n<h2 class=\"wp-block-heading\">\u00bfQu\u00e9 son las cookies?<\/h2>\n\n\n\n<p>Las cookies son peque\u00f1os archivos que se almacenan en su navegador.<\/p>\n\n\n\n<h2 class=\"wp-block-heading\">C\u00f3mo utilizamos las cookies<\/h2>\n\n\n\n<p>Utilizamos cookies para analizar el tr\u00e1fico del sitio y mejorar nuestros servicios.<\/p>\n\n\n\n<h2 class=\"wp-block-heading\">Desactivar cookies<\/h2>\n\n\n\n<p>Puede desactivar las cookies desde la configuraci\u00f3n de su navegador.<\/p>\n","protected":false},"excerpt":{"rendered":"<p>Este sitio utiliza cookies para mejorar la experiencia del usuario. \u00bfQu\u00e9 son las cookies? Las cookies son peque\u00f1os archivos que se almacenan en su navegador. C\u00f3mo utilizamos las cookies Utilizamos cookies para analizar el tr\u00e1fico del sitio y mejorar nuestros servicios. Desactivar cookies Puede desactivar las cookies desde la configuraci\u00f3n de su navegador.<\/p>\n","protected":false},"author":1,"featured_media":0,"parent":0,"menu_order":0,"comment_status":"closed","ping_status":"closed","template":"","meta":{"footnotes":""},"class_list":["post-26","page","type-page","status-publish","hentry"],"yoast_head":"<!-- This site is optimized with the Yoast SEO plugin v27.4 - https:\/\/yoast.com\/product\/yoast-seo-wordpress\/ -->\n<title>Pol\u00edtica de Cookies - Plantelio &ndash; Gu&iacute;a de Plantas y Jardiner&iacute;a<\/title>\n<meta name=\"robots\" content=\"index, follow, max-snippet:-1, max-image-preview:large, max-video-preview:-1\" \/>\n<link rel=\"canonical\" href=\"https:\/\/plantelio.com\/es\/politica-de-cookies\/\" \/>\n<meta property=\"og:locale\" content=\"es_ES\" \/>\n<meta property=\"og:type\" content=\"article\" \/>\n<meta property=\"og:title\" content=\"Pol\u00edtica de Cookies - Plantelio &ndash; Gu&iacute;a de Plantas y Jardiner&iacute;a\" \/>\n<meta property=\"og:description\" content=\"Este sitio utiliza cookies para mejorar la experiencia del usuario. \u00bfQu\u00e9 son las cookies? Las cookies son peque\u00f1os archivos que se almacenan en su navegador. C\u00f3mo utilizamos las cookies Utilizamos cookies para analizar el tr\u00e1fico del sitio y mejorar nuestros servicios. Desactivar cookies Puede desactivar las cookies desde la configuraci\u00f3n de su navegador.\" \/>\n<meta property=\"og:url\" content=\"https:\/\/plantelio.com\/es\/politica-de-cookies\/\" \/>\n<meta property=\"og:site_name\" content=\"Plantelio &ndash; Gu&iacute;a de Plantas y Jardiner&iacute;a\" \/>\n<meta property=\"article:modified_time\" content=\"2026-03-09T01:37:57+00:00\" \/>\n<meta name=\"twitter:card\" content=\"summary_large_image\" \/>\n<script type=\"application\/ld+json\" class=\"yoast-schema-graph\">{\"@context\":\"https:\\\/\\\/schema.org\",\"@graph\":[{\"@type\":\"WebPage\",\"@id\":\"https:\\\/\\\/plantelio.com\\\/es\\\/politica-de-cookies\\\/\",\"url\":\"https:\\\/\\\/plantelio.com\\\/es\\\/politica-de-cookies\\\/\",\"name\":\"Pol\u00edtica de Cookies - Plantelio &ndash; Gu&iacute;a de Plantas y Jardiner&iacute;a\",\"isPartOf\":{\"@id\":\"https:\\\/\\\/plantelio.com\\\/es\\\/#website\"},\"datePublished\":\"2026-03-09T01:37:56+00:00\",\"dateModified\":\"2026-03-09T01:37:57+00:00\",\"breadcrumb\":{\"@id\":\"https:\\\/\\\/plantelio.com\\\/es\\\/politica-de-cookies\\\/#breadcrumb\"},\"inLanguage\":\"es\",\"potentialAction\":[{\"@type\":\"ReadAction\",\"target\":[\"https:\\\/\\\/plantelio.com\\\/es\\\/politica-de-cookies\\\/\"]}]},{\"@type\":\"BreadcrumbList\",\"@id\":\"https:\\\/\\\/plantelio.com\\\/es\\\/politica-de-cookies\\\/#breadcrumb\",\"itemListElement\":[{\"@type\":\"ListItem\",\"position\":1,\"name\":\"Portada\",\"item\":\"https:\\\/\\\/plantelio.com\\\/es\\\/\"},{\"@type\":\"ListItem\",\"position\":2,\"name\":\"Pol\u00edtica de Cookies\"}]},{\"@type\":\"WebSite\",\"@id\":\"https:\\\/\\\/plantelio.com\\\/es\\\/#website\",\"url\":\"https:\\\/\\\/plantelio.com\\\/es\\\/\",\"name\":\"Plantelio &ndash; Gu&iacute;a de Plantas y Jardiner&iacute;a\",\"description\":\"Gu&iacute;as completas de plantas, cuidado, riego, suelo y problemas de plantas.\",\"publisher\":{\"@id\":\"https:\\\/\\\/plantelio.com\\\/es\\\/#organization\"},\"potentialAction\":[{\"@type\":\"SearchAction\",\"target\":{\"@type\":\"EntryPoint\",\"urlTemplate\":\"https:\\\/\\\/plantelio.com\\\/es\\\/?s={search_term_string}\"},\"query-input\":{\"@type\":\"PropertyValueSpecification\",\"valueRequired\":true,\"valueName\":\"search_term_string\"}}],\"inLanguage\":\"es\"},{\"@type\":\"Organization\",\"@id\":\"https:\\\/\\\/plantelio.com\\\/es\\\/#organization\",\"name\":\"Plantelio &ndash; Gu&iacute;a de Plantas y Jardiner&iacute;a\",\"url\":\"https:\\\/\\\/plantelio.com\\\/es\\\/\",\"logo\":{\"@type\":\"ImageObject\",\"inLanguage\":\"es\",\"@id\":\"https:\\\/\\\/plantelio.com\\\/es\\\/#\\\/schema\\\/logo\\\/image\\\/\",\"url\":\"https:\\\/\\\/plantelio.com\\\/es\\\/wp-content\\\/uploads\\\/2026\\\/03\\\/cropped-ChatGPT-Image-27-Sub-2026-05_23_55-1.png\",\"contentUrl\":\"https:\\\/\\\/plantelio.com\\\/es\\\/wp-content\\\/uploads\\\/2026\\\/03\\\/cropped-ChatGPT-Image-27-Sub-2026-05_23_55-1.png\",\"width\":1534,\"height\":677,\"caption\":\"Plantelio &ndash; Gu&iacute;a de Plantas y Jardiner&iacute;a\"},\"image\":{\"@id\":\"https:\\\/\\\/plantelio.com\\\/es\\\/#\\\/schema\\\/logo\\\/image\\\/\"}}]}<\/script>\n<!-- \/ Yoast SEO plugin. -->","yoast_head_json":{"title":"Pol\u00edtica de Cookies - Plantelio &ndash; Gu&iacute;a de Plantas y Jardiner&iacute;a","robots":{"index":"index","follow":"follow","max-snippet":"max-snippet:-1","max-image-preview":"max-image-preview:large","max-video-preview":"max-video-preview:-1"},"canonical":"https:\/\/plantelio.com\/es\/politica-de-cookies\/","og_locale":"es_ES","og_type":"article","og_title":"Pol\u00edtica de Cookies - Plantelio &ndash; Gu&iacute;a de Plantas y Jardiner&iacute;a","og_description":"Este sitio utiliza cookies para mejorar la experiencia del usuario. \u00bfQu\u00e9 son las cookies? Las cookies son peque\u00f1os archivos que se almacenan en su navegador. C\u00f3mo utilizamos las cookies Utilizamos cookies para analizar el tr\u00e1fico del sitio y mejorar nuestros servicios. Desactivar cookies Puede desactivar las cookies desde la configuraci\u00f3n de su navegador.","og_url":"https:\/\/plantelio.com\/es\/politica-de-cookies\/","og_site_name":"Plantelio &ndash; Gu&iacute;a de Plantas y Jardiner&iacute;a","article_modified_time":"2026-03-09T01:37:57+00:00","twitter_card":"summary_large_image","schema":{"@context":"https:\/\/schema.org","@graph":[{"@type":"WebPage","@id":"https:\/\/plantelio.com\/es\/politica-de-cookies\/","url":"https:\/\/plantelio.com\/es\/politica-de-cookies\/","name":"Pol\u00edtica de Cookies - Plantelio &ndash; Gu&iacute;a de Plantas y Jardiner&iacute;a","isPartOf":{"@id":"https:\/\/plantelio.com\/es\/#website"},"datePublished":"2026-03-09T01:37:56+00:00","dateModified":"2026-03-09T01:37:57+00:00","breadcrumb":{"@id":"https:\/\/plantelio.com\/es\/politica-de-cookies\/#breadcrumb"},"inLanguage":"es","potentialAction":[{"@type":"ReadAction","target":["https:\/\/plantelio.com\/es\/politica-de-cookies\/"]}]},{"@type":"BreadcrumbList","@id":"https:\/\/plantelio.com\/es\/politica-de-cookies\/#breadcrumb","itemListElement":[{"@type":"ListItem","position":1,"name":"Portada","item":"https:\/\/plantelio.com\/es\/"},{"@type":"ListItem","position":2,"name":"Pol\u00edtica de Cookies"}]},{"@type":"WebSite","@id":"https:\/\/plantelio.com\/es\/#website","url":"https:\/\/plantelio.com\/es\/","name":"Plantelio &ndash; Gu&iacute;a de Plantas y Jardiner&iacute;a","description":"Gu&iacute;as completas de plantas, cuidado, riego, suelo y problemas de plantas.","publisher":{"@id":"https:\/\/plantelio.com\/es\/#organization"},"potentialAction":[{"@type":"SearchAction","target":{"@type":"EntryPoint","urlTemplate":"https:\/\/plantelio.com\/es\/?s={search_term_string}"},"query-input":{"@type":"PropertyValueSpecification","valueRequired":true,"valueName":"search_term_string"}}],"inLanguage":"es"},{"@type":"Organization","@id":"https:\/\/plantelio.com\/es\/#organization","name":"Plantelio &ndash; Gu&iacute;a de Plantas y Jardiner&iacute;a","url":"https:\/\/plantelio.com\/es\/","logo":{"@type":"ImageObject","inLanguage":"es","@id":"https:\/\/plantelio.com\/es\/#\/schema\/logo\/image\/","url":"https:\/\/plantelio.com\/es\/wp-content\/uploads\/2026\/03\/cropped-ChatGPT-Image-27-Sub-2026-05_23_55-1.png","contentUrl":"https:\/\/plantelio.com\/es\/wp-content\/uploads\/2026\/03\/cropped-ChatGPT-Image-27-Sub-2026-05_23_55-1.png","width":1534,"height":677,"caption":"Plantelio &ndash; Gu&iacute;a de Plantas y Jardiner&iacute;a"},"image":{"@id":"https:\/\/plantelio.com\/es\/#\/schema\/logo\/image\/"}}]}},"_links":{"self":[{"href":"https:\/\/plantelio.com\/es\/wp-json\/wp\/v2\/pages\/26","targetHints":{"allow":["GET"]}}],"collection":[{"href":"https:\/\/plantelio.com\/es\/wp-json\/wp\/v2\/pages"}],"about":[{"href":"https:\/\/plantelio.com\/es\/wp-json\/wp\/v2\/types\/page"}],"author":[{"embeddable":true,"href":"https:\/\/plantelio.com\/es\/wp-json\/wp\/v2\/users\/1"}],"replies":[{"embeddable":true,"href":"https:\/\/plantelio.com\/es\/wp-json\/wp\/v2\/comments?post=26"}],"version-history":[{"count":1,"href":"https:\/\/plantelio.com\/es\/wp-json\/wp\/v2\/pages\/26\/revisions"}],"predecessor-version":[{"id":28,"href":"https:\/\/plantelio.com\/es\/wp-json\/wp\/v2\/pages\/26\/revisions\/28"}],"wp:attachment":[{"href":"https:\/\/plantelio.com\/es\/wp-json\/wp\/v2\/media?parent=26"}],"curies":[{"name":"wp","href":"https:\/\/api.w.org\/{rel}","templated":true}]}}