{"id":29,"date":"2026-03-09T02:38:14","date_gmt":"2026-03-09T01:38:14","guid":{"rendered":"https:\/\/plantelio.com\/es\/?page_id=29"},"modified":"2026-03-09T02:38:14","modified_gmt":"2026-03-09T01:38:14","slug":"sobre-nosotros","status":"publish","type":"page","link":"https:\/\/plantelio.com\/es\/sobre-nosotros\/","title":{"rendered":"Sobre Nosotros"},"content":{"rendered":"\n<p>Plantelio es una plataforma dedicada al cuidado de plantas, jardiner\u00eda y soluciones naturales para el cultivo.<\/p>\n\n\n\n<p>Nuestro objetivo es proporcionar gu\u00edas claras y \u00fatiles para ayudar a los amantes de las plantas a mantener sus plantas saludables.<\/p>\n\n\n\n<p>Publicamos informaci\u00f3n sobre riego, suelo, fertilizaci\u00f3n, enfermedades de plantas y m\u00e9todos de propagaci\u00f3n.<\/p>\n","protected":false},"excerpt":{"rendered":"<p>Plantelio es una plataforma dedicada al cuidado de plantas, jardiner\u00eda y soluciones naturales para el cultivo. Nuestro objetivo es proporcionar gu\u00edas claras y \u00fatiles para ayudar a los amantes de las plantas a mantener sus plantas saludables. Publicamos informaci\u00f3n sobre riego, suelo, fertilizaci\u00f3n, enfermedades de plantas y m\u00e9todos de propagaci\u00f3n.<\/p>\n","protected":false},"author":1,"featured_media":0,"parent":0,"menu_order":0,"comment_status":"closed","ping_status":"closed","template":"","meta":{"footnotes":""},"class_list":["post-29","page","type-page","status-publish","hentry"],"yoast_head":"<!-- This site is optimized with the Yoast SEO plugin v27.4 - https:\/\/yoast.com\/product\/yoast-seo-wordpress\/ -->\n<title>Sobre Nosotros - Plantelio &ndash; Gu&iacute;a de Plantas y Jardiner&iacute;a<\/title>\n<meta name=\"robots\" content=\"index, follow, max-snippet:-1, max-image-preview:large, max-video-preview:-1\" \/>\n<link rel=\"canonical\" href=\"https:\/\/plantelio.com\/es\/sobre-nosotros\/\" \/>\n<meta property=\"og:locale\" content=\"es_ES\" \/>\n<meta property=\"og:type\" content=\"article\" \/>\n<meta property=\"og:title\" content=\"Sobre Nosotros - Plantelio &ndash; Gu&iacute;a de Plantas y Jardiner&iacute;a\" \/>\n<meta property=\"og:description\" content=\"Plantelio es una plataforma dedicada al cuidado de plantas, jardiner\u00eda y soluciones naturales para el cultivo. Nuestro objetivo es proporcionar gu\u00edas claras y \u00fatiles para ayudar a los amantes de las plantas a mantener sus plantas saludables. Publicamos informaci\u00f3n sobre riego, suelo, fertilizaci\u00f3n, enfermedades de plantas y m\u00e9todos de propagaci\u00f3n.\" \/>\n<meta property=\"og:url\" content=\"https:\/\/plantelio.com\/es\/sobre-nosotros\/\" \/>\n<meta property=\"og:site_name\" content=\"Plantelio &ndash; Gu&iacute;a de Plantas y Jardiner&iacute;a\" \/>\n<meta name=\"twitter:card\" content=\"summary_large_image\" \/>\n<meta name=\"twitter:label1\" content=\"Tiempo de lectura\" \/>\n\t<meta name=\"twitter:data1\" content=\"1 minuto\" \/>\n<script type=\"application\/ld+json\" class=\"yoast-schema-graph\">{\"@context\":\"https:\\\/\\\/schema.org\",\"@graph\":[{\"@type\":\"WebPage\",\"@id\":\"https:\\\/\\\/plantelio.com\\\/es\\\/sobre-nosotros\\\/\",\"url\":\"https:\\\/\\\/plantelio.com\\\/es\\\/sobre-nosotros\\\/\",\"name\":\"Sobre Nosotros - Plantelio &ndash; Gu&iacute;a de Plantas y Jardiner&iacute;a\",\"isPartOf\":{\"@id\":\"https:\\\/\\\/plantelio.com\\\/es\\\/#website\"},\"datePublished\":\"2026-03-09T01:38:14+00:00\",\"breadcrumb\":{\"@id\":\"https:\\\/\\\/plantelio.com\\\/es\\\/sobre-nosotros\\\/#breadcrumb\"},\"inLanguage\":\"es\",\"potentialAction\":[{\"@type\":\"ReadAction\",\"target\":[\"https:\\\/\\\/plantelio.com\\\/es\\\/sobre-nosotros\\\/\"]}]},{\"@type\":\"BreadcrumbList\",\"@id\":\"https:\\\/\\\/plantelio.com\\\/es\\\/sobre-nosotros\\\/#breadcrumb\",\"itemListElement\":[{\"@type\":\"ListItem\",\"position\":1,\"name\":\"Portada\",\"item\":\"https:\\\/\\\/plantelio.com\\\/es\\\/\"},{\"@type\":\"ListItem\",\"position\":2,\"name\":\"Sobre Nosotros\"}]},{\"@type\":\"WebSite\",\"@id\":\"https:\\\/\\\/plantelio.com\\\/es\\\/#website\",\"url\":\"https:\\\/\\\/plantelio.com\\\/es\\\/\",\"name\":\"Plantelio &ndash; Gu&iacute;a de Plantas y Jardiner&iacute;a\",\"description\":\"Gu&iacute;as completas de plantas, cuidado, riego, suelo y problemas de plantas.\",\"publisher\":{\"@id\":\"https:\\\/\\\/plantelio.com\\\/es\\\/#organization\"},\"potentialAction\":[{\"@type\":\"SearchAction\",\"target\":{\"@type\":\"EntryPoint\",\"urlTemplate\":\"https:\\\/\\\/plantelio.com\\\/es\\\/?s={search_term_string}\"},\"query-input\":{\"@type\":\"PropertyValueSpecification\",\"valueRequired\":true,\"valueName\":\"search_term_string\"}}],\"inLanguage\":\"es\"},{\"@type\":\"Organization\",\"@id\":\"https:\\\/\\\/plantelio.com\\\/es\\\/#organization\",\"name\":\"Plantelio &ndash; Gu&iacute;a de Plantas y Jardiner&iacute;a\",\"url\":\"https:\\\/\\\/plantelio.com\\\/es\\\/\",\"logo\":{\"@type\":\"ImageObject\",\"inLanguage\":\"es\",\"@id\":\"https:\\\/\\\/plantelio.com\\\/es\\\/#\\\/schema\\\/logo\\\/image\\\/\",\"url\":\"https:\\\/\\\/plantelio.com\\\/es\\\/wp-content\\\/uploads\\\/2026\\\/03\\\/cropped-ChatGPT-Image-27-Sub-2026-05_23_55-1.png\",\"contentUrl\":\"https:\\\/\\\/plantelio.com\\\/es\\\/wp-content\\\/uploads\\\/2026\\\/03\\\/cropped-ChatGPT-Image-27-Sub-2026-05_23_55-1.png\",\"width\":1534,\"height\":677,\"caption\":\"Plantelio &ndash; Gu&iacute;a de Plantas y Jardiner&iacute;a\"},\"image\":{\"@id\":\"https:\\\/\\\/plantelio.com\\\/es\\\/#\\\/schema\\\/logo\\\/image\\\/\"}}]}<\/script>\n<!-- \/ Yoast SEO plugin. -->","yoast_head_json":{"title":"Sobre Nosotros - Plantelio &ndash; Gu&iacute;a de Plantas y Jardiner&iacute;a","robots":{"index":"index","follow":"follow","max-snippet":"max-snippet:-1","max-image-preview":"max-image-preview:large","max-video-preview":"max-video-preview:-1"},"canonical":"https:\/\/plantelio.com\/es\/sobre-nosotros\/","og_locale":"es_ES","og_type":"article","og_title":"Sobre Nosotros - Plantelio &ndash; Gu&iacute;a de Plantas y Jardiner&iacute;a","og_description":"Plantelio es una plataforma dedicada al cuidado de plantas, jardiner\u00eda y soluciones naturales para el cultivo. Nuestro objetivo es proporcionar gu\u00edas claras y \u00fatiles para ayudar a los amantes de las plantas a mantener sus plantas saludables. Publicamos informaci\u00f3n sobre riego, suelo, fertilizaci\u00f3n, enfermedades de plantas y m\u00e9todos de propagaci\u00f3n.","og_url":"https:\/\/plantelio.com\/es\/sobre-nosotros\/","og_site_name":"Plantelio &ndash; Gu&iacute;a de Plantas y Jardiner&iacute;a","twitter_card":"summary_large_image","twitter_misc":{"Tiempo de lectura":"1 minuto"},"schema":{"@context":"https:\/\/schema.org","@graph":[{"@type":"WebPage","@id":"https:\/\/plantelio.com\/es\/sobre-nosotros\/","url":"https:\/\/plantelio.com\/es\/sobre-nosotros\/","name":"Sobre Nosotros - Plantelio &ndash; Gu&iacute;a de Plantas y Jardiner&iacute;a","isPartOf":{"@id":"https:\/\/plantelio.com\/es\/#website"},"datePublished":"2026-03-09T01:38:14+00:00","breadcrumb":{"@id":"https:\/\/plantelio.com\/es\/sobre-nosotros\/#breadcrumb"},"inLanguage":"es","potentialAction":[{"@type":"ReadAction","target":["https:\/\/plantelio.com\/es\/sobre-nosotros\/"]}]},{"@type":"BreadcrumbList","@id":"https:\/\/plantelio.com\/es\/sobre-nosotros\/#breadcrumb","itemListElement":[{"@type":"ListItem","position":1,"name":"Portada","item":"https:\/\/plantelio.com\/es\/"},{"@type":"ListItem","position":2,"name":"Sobre Nosotros"}]},{"@type":"WebSite","@id":"https:\/\/plantelio.com\/es\/#website","url":"https:\/\/plantelio.com\/es\/","name":"Plantelio &ndash; Gu&iacute;a de Plantas y Jardiner&iacute;a","description":"Gu&iacute;as completas de plantas, cuidado, riego, suelo y problemas de plantas.","publisher":{"@id":"https:\/\/plantelio.com\/es\/#organization"},"potentialAction":[{"@type":"SearchAction","target":{"@type":"EntryPoint","urlTemplate":"https:\/\/plantelio.com\/es\/?s={search_term_string}"},"query-input":{"@type":"PropertyValueSpecification","valueRequired":true,"valueName":"search_term_string"}}],"inLanguage":"es"},{"@type":"Organization","@id":"https:\/\/plantelio.com\/es\/#organization","name":"Plantelio &ndash; Gu&iacute;a de Plantas y Jardiner&iacute;a","url":"https:\/\/plantelio.com\/es\/","logo":{"@type":"ImageObject","inLanguage":"es","@id":"https:\/\/plantelio.com\/es\/#\/schema\/logo\/image\/","url":"https:\/\/plantelio.com\/es\/wp-content\/uploads\/2026\/03\/cropped-ChatGPT-Image-27-Sub-2026-05_23_55-1.png","contentUrl":"https:\/\/plantelio.com\/es\/wp-content\/uploads\/2026\/03\/cropped-ChatGPT-Image-27-Sub-2026-05_23_55-1.png","width":1534,"height":677,"caption":"Plantelio &ndash; Gu&iacute;a de Plantas y Jardiner&iacute;a"},"image":{"@id":"https:\/\/plantelio.com\/es\/#\/schema\/logo\/image\/"}}]}},"_links":{"self":[{"href":"https:\/\/plantelio.com\/es\/wp-json\/wp\/v2\/pages\/29","targetHints":{"allow":["GET"]}}],"collection":[{"href":"https:\/\/plantelio.com\/es\/wp-json\/wp\/v2\/pages"}],"about":[{"href":"https:\/\/plantelio.com\/es\/wp-json\/wp\/v2\/types\/page"}],"author":[{"embeddable":true,"href":"https:\/\/plantelio.com\/es\/wp-json\/wp\/v2\/users\/1"}],"replies":[{"embeddable":true,"href":"https:\/\/plantelio.com\/es\/wp-json\/wp\/v2\/comments?post=29"}],"version-history":[{"count":1,"href":"https:\/\/plantelio.com\/es\/wp-json\/wp\/v2\/pages\/29\/revisions"}],"predecessor-version":[{"id":31,"href":"https:\/\/plantelio.com\/es\/wp-json\/wp\/v2\/pages\/29\/revisions\/31"}],"wp:attachment":[{"href":"https:\/\/plantelio.com\/es\/wp-json\/wp\/v2\/media?parent=29"}],"curies":[{"name":"wp","href":"https:\/\/api.w.org\/{rel}","templated":true}]}}